{"id":502,"date":"2023-07-19T17:53:37","date_gmt":"2023-07-19T15:53:37","guid":{"rendered":"https:\/\/hp.bacasable-atoll.com\/?page_id=502"},"modified":"2023-07-24T14:20:16","modified_gmt":"2023-07-24T12:20:16","slug":"mentions-legales","status":"publish","type":"page","link":"https:\/\/hp.bacasable-atoll.com\/index.php\/mentions-legales\/","title":{"rendered":"Mentions l\u00e9gales"},"content":{"rendered":"\t\t<div data-elementor-type=\"wp-page\" data-elementor-id=\"502\" class=\"elementor elementor-502\" data-elementor-post-type=\"page\">\n\t\t\t\t\t\t\t<div class=\"elementor-element elementor-element-1c13203 e-flex e-con-boxed e-con\" data-id=\"1c13203\" data-element_type=\"container\" data-settings=\"{&quot;background_background&quot;:&quot;classic&quot;,&quot;content_width&quot;:&quot;boxed&quot;}\">\n\t\t\t\t\t<div class=\"e-con-inner\">\n\t\t\t\t<div class=\"elementor-element elementor-element-33ee215 elementor-widget elementor-widget-heading\" data-id=\"33ee215\" data-element_type=\"widget\" data-widget_type=\"heading.default\">\n\t\t\t\t<div class=\"elementor-widget-container\">\n\t\t\t<style>\/*! elementor - v3.14.0 - 26-06-2023 *\/\n.elementor-heading-title{padding:0;margin:0;line-height:1}.elementor-widget-heading .elementor-heading-title[class*=elementor-size-]>a{color:inherit;font-size:inherit;line-height:inherit}.elementor-widget-heading .elementor-heading-title.elementor-size-small{font-size:15px}.elementor-widget-heading .elementor-heading-title.elementor-size-medium{font-size:19px}.elementor-widget-heading .elementor-heading-title.elementor-size-large{font-size:29px}.elementor-widget-heading .elementor-heading-title.elementor-size-xl{font-size:39px}.elementor-widget-heading .elementor-heading-title.elementor-size-xxl{font-size:59px}<\/style><h2 class=\"elementor-heading-title elementor-size-default\">Mentions l\u00e9gales<\/h2>\t\t<\/div>\n\t\t\t\t<\/div>\n\t\t\t\t<div class=\"elementor-element elementor-element-6a9c667 elementor-widget elementor-widget-text-editor\" data-id=\"6a9c667\" data-element_type=\"widget\" data-widget_type=\"text-editor.default\">\n\t\t\t\t<div class=\"elementor-widget-container\">\n\t\t\t<style>\/*! elementor - v3.14.0 - 26-06-2023 *\/\n.elementor-widget-text-editor.elementor-drop-cap-view-stacked .elementor-drop-cap{background-color:#69727d;color:#fff}.elementor-widget-text-editor.elementor-drop-cap-view-framed .elementor-drop-cap{color:#69727d;border:3px solid;background-color:transparent}.elementor-widget-text-editor:not(.elementor-drop-cap-view-default) .elementor-drop-cap{margin-top:8px}.elementor-widget-text-editor:not(.elementor-drop-cap-view-default) .elementor-drop-cap-letter{width:1em;height:1em}.elementor-widget-text-editor .elementor-drop-cap{float:left;text-align:center;line-height:1;font-size:50px}.elementor-widget-text-editor .elementor-drop-cap-letter{display:inline-block}<\/style>\t\t\t\t<p><strong>Propri\u00e9taire :<\/strong><\/p><p>Corinne Guy<br \/>33 Rue de l&#8217;Arnette<br \/>82000 MAZAMET<br \/>05 63 61 08 66<\/p><p><strong>Cr\u00e9ateur du site Internet :<br \/><\/strong>sarl Atoll Design<br \/>2 rue Georges Artemoff<br \/>81540 SOR\u00c8ZE<\/p><p><strong>Responsable de publication :<br \/><\/strong>Corinne Guy &#8211; 05 63 61 08 66<\/p><p><strong>Date de cr\u00e9ation :<br \/><\/strong>Avril 2023<\/p><p><strong>Droits d&#8217;auteur :<br \/><\/strong>Toute reproduction totale ou partielle de l&#8217;ergonomie, du graphisme, des textes, des menus, des photos ou des mises en page est interdite, conform\u00e9ment aux dispositions de\u00a0l&#8217;article L. 122-4 du Code de la propri\u00e9t\u00e9 intellectuelle. Tout contrevenant sera passible de poursuites judiciaires pour contrefa\u00e7on.<\/p><p><strong>Cr\u00e9dits photos :<br \/><\/strong>Toutes les photos sont sous licence d&#8217;utilisation et ne sont pas libres de droits.<\/p><p><strong>H\u00e9bergeur :<br \/><\/strong>HOSTINGER INTERNATIONAL LTD<br \/>61 rue Lordou Vironos,<br \/>6023 , Chypre<\/p><p><strong>Confidentialit\u00e9 des donn\u00e9es personnelles :<br \/><\/strong>Vos donn\u00e9es personnelles (nom, pr\u00e9nom, adresse, code postal, ville, e-mail, &#8230;) sont collect\u00e9es dans le strict respect de la loi n\u00b02004-575 du 21 juin 2004 pour la Confiance dans l&#8217;Economie Num\u00e9rique.<\/p><p>Conform\u00e9ment \u00e0 la loi n\u00b078-17 du 6 janvier 1978 relative \u00e0 l&#8217;informatique, aux fichiers et aux libert\u00e9s modifi\u00e9e par la nouvelle loi Informatique et Libert\u00e9s du 6 ao\u00fbt 2004,<\/p><p>renforc\u00e9e par la loi RGPD vous disposez d&#8217;un droit d&#8217;acc\u00e8s, de modifications, de rectifications et de suppression des donn\u00e9es qui vous concernent.<\/p><p>&#8211; Les donn\u00e9es transmises \u00e0 travers le formulaire ne sont ni stock\u00e9es, ni transmises \u00e0 des tiers.<\/p>\t\t\t\t\t\t<\/div>\n\t\t\t\t<\/div>\n\t\t\t\t\t<\/div>\n\t\t\t\t<\/div>\n\t\t\t\t\t\t\t<\/div>\n\t\t","protected":false},"excerpt":{"rendered":"<p>Mentions l\u00e9gales Propri\u00e9taire : Corinne Guy33 Rue de l&#8217;Arnette82000 MAZAMET05 63 61 08 66 Cr\u00e9ateur du site Internet :sarl Atoll Design2 rue Georges Artemoff81540 SOR\u00c8ZE Responsable de publication :Corinne Guy &#8211; 05 63 61 08 66 Date de cr\u00e9ation :Avril 2023 Droits d&#8217;auteur :Toute reproduction totale ou partielle de l&#8217;ergonomie, du graphisme, des textes, des [&hellip;]<\/p>\n","protected":false},"author":1,"featured_media":0,"parent":0,"menu_order":0,"comment_status":"closed","ping_status":"closed","template":"","meta":{"inline_featured_image":false},"folder":[],"acf":[],"_links":{"self":[{"href":"https:\/\/hp.bacasable-atoll.com\/index.php\/wp-json\/wp\/v2\/pages\/502"}],"collection":[{"href":"https:\/\/hp.bacasable-atoll.com\/index.php\/wp-json\/wp\/v2\/pages"}],"about":[{"href":"https:\/\/hp.bacasable-atoll.com\/index.php\/wp-json\/wp\/v2\/types\/page"}],"author":[{"embeddable":true,"href":"https:\/\/hp.bacasable-atoll.com\/index.php\/wp-json\/wp\/v2\/users\/1"}],"replies":[{"embeddable":true,"href":"https:\/\/hp.bacasable-atoll.com\/index.php\/wp-json\/wp\/v2\/comments?post=502"}],"version-history":[{"count":7,"href":"https:\/\/hp.bacasable-atoll.com\/index.php\/wp-json\/wp\/v2\/pages\/502\/revisions"}],"predecessor-version":[{"id":613,"href":"https:\/\/hp.bacasable-atoll.com\/index.php\/wp-json\/wp\/v2\/pages\/502\/revisions\/613"}],"wp:attachment":[{"href":"https:\/\/hp.bacasable-atoll.com\/index.php\/wp-json\/wp\/v2\/media?parent=502"}],"wp:term":[{"taxonomy":"folder","embeddable":true,"href":"https:\/\/hp.bacasable-atoll.com\/index.php\/wp-json\/wp\/v2\/folder?post=502"}],"curies":[{"name":"wp","href":"https:\/\/api.w.org\/{rel}","templated":true}]}}