{"id":519,"date":"2023-07-20T09:56:19","date_gmt":"2023-07-20T07:56:19","guid":{"rendered":"https:\/\/hp.bacasable-atoll.com\/?page_id=519"},"modified":"2023-07-20T11:15:27","modified_gmt":"2023-07-20T09:15:27","slug":"liste-des-presidents","status":"publish","type":"page","link":"https:\/\/hp.bacasable-atoll.com\/index.php\/liste-des-presidents\/","title":{"rendered":"Liste des pr\u00e9sidents"},"content":{"rendered":"\t\t<div data-elementor-type=\"wp-page\" data-elementor-id=\"519\" class=\"elementor elementor-519\" data-elementor-post-type=\"page\">\n\t\t\t\t\t\t\t<div class=\"elementor-element elementor-element-39de406 e-con-full e-flex e-con\" data-id=\"39de406\" data-element_type=\"container\" data-settings=\"{&quot;content_width&quot;:&quot;full&quot;,&quot;background_background&quot;:&quot;classic&quot;}\">\n\t\t\t\t<div class=\"elementor-element elementor-element-c47535c elementor-widget elementor-widget-heading\" data-id=\"c47535c\" data-element_type=\"widget\" data-widget_type=\"heading.default\">\n\t\t\t\t<div class=\"elementor-widget-container\">\n\t\t\t<style>\/*! elementor - v3.14.0 - 26-06-2023 *\/\n.elementor-heading-title{padding:0;margin:0;line-height:1}.elementor-widget-heading .elementor-heading-title[class*=elementor-size-]>a{color:inherit;font-size:inherit;line-height:inherit}.elementor-widget-heading .elementor-heading-title.elementor-size-small{font-size:15px}.elementor-widget-heading .elementor-heading-title.elementor-size-medium{font-size:19px}.elementor-widget-heading .elementor-heading-title.elementor-size-large{font-size:29px}.elementor-widget-heading .elementor-heading-title.elementor-size-xl{font-size:39px}.elementor-widget-heading .elementor-heading-title.elementor-size-xxl{font-size:59px}<\/style><h1 class=\"elementor-heading-title elementor-size-default\">Liste des pr\u00e9sidents de<br>l'Hautpouloise depuis 1980<\/h1>\t\t<\/div>\n\t\t\t\t<\/div>\n\t\t\t\t<div class=\"elementor-element elementor-element-37a5559 premium-table-dir-ltr elementor-widget elementor-widget-premium-tables-addon\" data-id=\"37a5559\" data-element_type=\"widget\" data-widget_type=\"premium-tables-addon.default\">\n\t\t\t\t<div class=\"elementor-widget-container\">\n\t\t\t\r\n\t\t<div class=\"premium-table-wrap\">\r\n\t\t\t\r\n\t\t\t<table class=\"premium-table\" data-settings=\"{&quot;sort&quot;:false,&quot;sortMob&quot;:false,&quot;search&quot;:false,&quot;records&quot;:false,&quot;dataType&quot;:&quot;custom&quot;,&quot;csvFile&quot;:null,&quot;firstRow&quot;:null,&quot;separator&quot;:null,&quot;pagination&quot;:&quot;&quot;,&quot;rows&quot;:0}\" >\r\n\r\n\t\t\t\r\n\t\t<thead class=\"premium-table-head\">\r\n\r\n\t\t\t<tr class=\"premium-table-row\">\r\n\r\n\t\t\t\t<th class=\"premium-table-cell elementor-repeater-item-df8711c\"><span class=\"premium-table-text\">Pr\u00e9sidents<\/span><\/th><th class=\"premium-table-cell elementor-repeater-item-6ba6bd1\"><span class=\"premium-table-text\">Ann\u00e9es<\/span><\/th>\r\n\t\t\t<\/tr>\r\n\r\n\t\t<\/thead>\r\n\r\n\t\t\t\t<tbody class=\"premium-table-body\">\r\n\t\t\t\t\t\t<tr class=\"premium-table-row elementor-repeater-item-5cc163e\"><td class=\"premium-table-cell elementor-repeater-item-fcf7d32\"><span class=\"premium-table-text\">P. Nouvel<\/span><\/span><\/td><td class=\"premium-table-cell elementor-repeater-item-a932ea1\"><span class=\"premium-table-text\">1980-1987<\/span><\/span><\/td><\/tr><tr class=\"premium-table-row elementor-repeater-item-54c56fa\"><td class=\"premium-table-cell elementor-repeater-item-e7895f3\"><span class=\"premium-table-text\">M. R\u00e9gis<\/span><\/span><\/td><td class=\"premium-table-cell elementor-repeater-item-7115498\"><span class=\"premium-table-text\">1987-1988<\/span><\/span><\/td><\/tr><tr class=\"premium-table-row elementor-repeater-item-f01b2c9\"><td class=\"premium-table-cell elementor-repeater-item-d2c69d6\"><span class=\"premium-table-text\">N. P\u00e9lissier<\/span><\/span><\/td><td class=\"premium-table-cell elementor-repeater-item-843d8c1\"><span class=\"premium-table-text\">1988-1989<\/span><\/span><\/td><\/tr><tr class=\"premium-table-row elementor-repeater-item-7136644\"><td class=\"premium-table-cell elementor-repeater-item-a6f98b7\"><span class=\"premium-table-text\">M. Revel<\/span><\/span><\/td><td class=\"premium-table-cell elementor-repeater-item-6c9b9d3\"><span class=\"premium-table-text\">1989-1997<\/span><\/span><\/td><\/tr><tr class=\"premium-table-row elementor-repeater-item-00b64fb\"><td class=\"premium-table-cell elementor-repeater-item-ff760d5\"><span class=\"premium-table-text\">C. Siguier<\/span><\/span><\/td><td class=\"premium-table-cell elementor-repeater-item-d50ed85\"><span class=\"premium-table-text\">1997-1998<\/span><\/span><\/td><\/tr><tr class=\"premium-table-row elementor-repeater-item-ef336ab\"><td class=\"premium-table-cell elementor-repeater-item-e9a187c\"><span class=\"premium-table-text\">M. Revel<\/span><\/span><\/td><td class=\"premium-table-cell elementor-repeater-item-5317e2d\"><span class=\"premium-table-text\">1998-1999<\/span><\/span><\/td><\/tr><tr class=\"premium-table-row elementor-repeater-item-40f56e1\"><td class=\"premium-table-cell elementor-repeater-item-9603530\"><span class=\"premium-table-text\">JL. Sicard<\/span><\/span><\/td><td class=\"premium-table-cell elementor-repeater-item-faa0d25\"><span class=\"premium-table-text\">1999-2001<\/span><\/span><\/td><\/tr><tr class=\"premium-table-row elementor-repeater-item-48c3b04\"><td class=\"premium-table-cell elementor-repeater-item-e7f042a\"><span class=\"premium-table-text\">S. Bonini<\/span><\/span><\/td><td class=\"premium-table-cell elementor-repeater-item-2b71830\"><span class=\"premium-table-text\">2001-2002<\/span><\/span><\/td><\/tr><tr class=\"premium-table-row elementor-repeater-item-d4af723\"><td class=\"premium-table-cell elementor-repeater-item-3276eb9\"><span class=\"premium-table-text\">S. Lamour<\/span><\/span><\/td><td class=\"premium-table-cell elementor-repeater-item-2696032\"><span class=\"premium-table-text\">2002-2003<\/span><\/span><\/td><\/tr><tr class=\"premium-table-row elementor-repeater-item-bbef209\"><td class=\"premium-table-cell elementor-repeater-item-ef5f780\"><span class=\"premium-table-text\">P. All\u00e9ly<\/span><\/span><\/td><td class=\"premium-table-cell elementor-repeater-item-ab25bdf\"><span class=\"premium-table-text\">2003-2012<\/span><\/span><\/td><\/tr><tr class=\"premium-table-row elementor-repeater-item-a36de5c\"><td class=\"premium-table-cell elementor-repeater-item-64c322d\"><span class=\"premium-table-text\">S. Perry<\/span><\/span><\/td><td class=\"premium-table-cell elementor-repeater-item-cc734a1\"><span class=\"premium-table-text\">2012-2016<\/span><\/span><\/td><\/tr><tr class=\"premium-table-row elementor-repeater-item-fbebaca\"><td class=\"premium-table-cell elementor-repeater-item-4bdda6f\"><span class=\"premium-table-text\">N. Elage<\/span><\/span><\/td><td class=\"premium-table-cell elementor-repeater-item-d438f8c\"><span class=\"premium-table-text\">2016-2020<\/span><\/span><\/td><\/tr><tr class=\"premium-table-row elementor-repeater-item-7faed46\"><td class=\"premium-table-cell elementor-repeater-item-a73b1a8\"><span class=\"premium-table-text\">A. Hupfer<\/span><\/span><\/td><td class=\"premium-table-cell elementor-repeater-item-4c50572\"><span class=\"premium-table-text\">2020-aujourd\u2019hui<\/span><\/span><\/td>\t\t\t<\/tr>\r\n\t\t<\/tbody>\r\n\r\n\t\t\r\n\t\t\t<\/table>\r\n\t\t<\/div>\r\n\t\t\t\t<\/div>\n\t\t\t\t<\/div>\n\t\t\t\t<\/div>\n\t\t\t\t\t\t\t<\/div>\n\t\t","protected":false},"excerpt":{"rendered":"<p>Liste des pr\u00e9sidents del&#8217;Hautpouloise depuis 1980 Pr\u00e9sidents Ann\u00e9es P. Nouvel 1980-1987 M. R\u00e9gis 1987-1988 N. P\u00e9lissier 1988-1989 M. Revel 1989-1997 C. Siguier 1997-1998 M. Revel 1998-1999 JL. Sicard 1999-2001 S. Bonini 2001-2002 S. Lamour 2002-2003 P. All\u00e9ly 2003-2012 S. Perry 2012-2016 N. Elage 2016-2020 A. Hupfer 2020-aujourd\u2019hui<\/p>\n","protected":false},"author":1,"featured_media":0,"parent":0,"menu_order":0,"comment_status":"closed","ping_status":"closed","template":"","meta":{"inline_featured_image":false},"folder":[],"acf":[],"_links":{"self":[{"href":"https:\/\/hp.bacasable-atoll.com\/index.php\/wp-json\/wp\/v2\/pages\/519"}],"collection":[{"href":"https:\/\/hp.bacasable-atoll.com\/index.php\/wp-json\/wp\/v2\/pages"}],"about":[{"href":"https:\/\/hp.bacasable-atoll.com\/index.php\/wp-json\/wp\/v2\/types\/page"}],"author":[{"embeddable":true,"href":"https:\/\/hp.bacasable-atoll.com\/index.php\/wp-json\/wp\/v2\/users\/1"}],"replies":[{"embeddable":true,"href":"https:\/\/hp.bacasable-atoll.com\/index.php\/wp-json\/wp\/v2\/comments?post=519"}],"version-history":[{"count":37,"href":"https:\/\/hp.bacasable-atoll.com\/index.php\/wp-json\/wp\/v2\/pages\/519\/revisions"}],"predecessor-version":[{"id":559,"href":"https:\/\/hp.bacasable-atoll.com\/index.php\/wp-json\/wp\/v2\/pages\/519\/revisions\/559"}],"wp:attachment":[{"href":"https:\/\/hp.bacasable-atoll.com\/index.php\/wp-json\/wp\/v2\/media?parent=519"}],"wp:term":[{"taxonomy":"folder","embeddable":true,"href":"https:\/\/hp.bacasable-atoll.com\/index.php\/wp-json\/wp\/v2\/folder?post=519"}],"curies":[{"name":"wp","href":"https:\/\/api.w.org\/{rel}","templated":true}]}}